{"id":1241,"date":"2025-05-25T08:33:54","date_gmt":"2025-05-25T08:33:54","guid":{"rendered":"https:\/\/observa.cat\/publicaciones\/"},"modified":"2025-05-25T10:18:50","modified_gmt":"2025-05-25T10:18:50","slug":"publicaciones","status":"publish","type":"page","link":"https:\/\/observa.cat\/es\/publicaciones\/","title":{"rendered":"Publicaciones"},"content":{"rendered":"\n<div style=\"height:150px\" aria-hidden=\"true\" class=\"wp-block-spacer\"><\/div>\n\n\n\n<div class=\"wp-block-group\"><div class=\"wp-block-group__inner-container is-layout-constrained wp-block-group-is-layout-constrained\">\n<p>\ud83d\udcdd<strong>Publicaci\u00f3n de un nuevo informe: Alternativas a la contenci\u00f3n mec\u00e1nica<\/strong><\/p>\n\n\n\n<p>Desde <strong>OBSERVA \u2013 Asociaci\u00f3n para el Monitoreo del Sistema Penal y Penitenciario<\/strong>, presentamos el nuevo informe titulado:<\/p>\n\n\n\n<p><strong>\u00abAlternativas a la contenci\u00f3n mec\u00e1nica y su regulaci\u00f3n en diversos sistemas penitenciarios europeos\u00bb<\/strong><\/p>\n\n\n\n<p>Este estudio ha sido <strong>patrocinado por la oficina parlamentaria de la eurodiputada Diana Riba<\/strong>, y ofrece un an\u00e1lisis comparativo sobre el uso de la contenci\u00f3n mec\u00e1nica en los sistemas penitenciarios<strong> catal\u00e1n, espa\u00f1ol, vasco, italiano, alem\u00e1n y franc\u00e9s<\/strong>.<\/p>\n\n\n\n<p>El informe examina la normativa, las pr\u00e1cticas y las alternativas existentes, con el objetivo de contribuir al debate p\u00fablico e institucional sobre el uso de esta medida, y promover enfoques m\u00e1s garantistas y respetuosos con los derechos humanos.<\/p>\n\n\n\n<p>\ud83d\udcc4 <strong>Consulta el informe completo <a href=\"https:\/\/drive.google.com\/drive\/folders\/1s7rxwha0t22DPn4rHl6Zk2o9APUsOssb\" data-type=\"link\" data-id=\"https:\/\/drive.google.com\/drive\/folders\/1s7rxwha0t22DPn4rHl6Zk2o9APUsOssb\" target=\"_blank\" rel=\"noreferrer noopener\">aqu\u00ed<\/a><\/strong><\/p>\n\n\n\n<hr class=\"wp-block-separator has-alpha-channel-opacity\"\/>\n<\/div><\/div>\n\n\n\n<p><\/p>\n\n\n\n<p><\/p>\n","protected":false},"excerpt":{"rendered":"<p>\ud83d\udcddPublicaci\u00f3n de un nuevo informe: Alternativas a la contenci\u00f3n mec\u00e1nica Desde OBSERVA \u2013 Asociaci\u00f3n para el Monitoreo del Sistema Penal y Penitenciario, presentamos el nuevo informe titulado: \u00abAlternativas a la contenci\u00f3n mec\u00e1nica y su regulaci\u00f3n en diversos sistemas penitenciarios europeos\u00bb Este estudio ha sido patrocinado por la oficina parlamentaria de la eurodiputada Diana Riba, y [&hellip;]<\/p>\n","protected":false},"author":2,"featured_media":0,"parent":0,"menu_order":0,"comment_status":"closed","ping_status":"closed","template":"","meta":{"_acf_changed":false,"give_campaign_id":0,"footnotes":""},"class_list":["post-1241","page","type-page","status-publish","hentry"],"acf":[],"campaignId":"","_links":{"self":[{"href":"https:\/\/observa.cat\/es\/wp-json\/wp\/v2\/pages\/1241","targetHints":{"allow":["GET"]}}],"collection":[{"href":"https:\/\/observa.cat\/es\/wp-json\/wp\/v2\/pages"}],"about":[{"href":"https:\/\/observa.cat\/es\/wp-json\/wp\/v2\/types\/page"}],"author":[{"embeddable":true,"href":"https:\/\/observa.cat\/es\/wp-json\/wp\/v2\/users\/2"}],"replies":[{"embeddable":true,"href":"https:\/\/observa.cat\/es\/wp-json\/wp\/v2\/comments?post=1241"}],"version-history":[{"count":5,"href":"https:\/\/observa.cat\/es\/wp-json\/wp\/v2\/pages\/1241\/revisions"}],"predecessor-version":[{"id":1265,"href":"https:\/\/observa.cat\/es\/wp-json\/wp\/v2\/pages\/1241\/revisions\/1265"}],"wp:attachment":[{"href":"https:\/\/observa.cat\/es\/wp-json\/wp\/v2\/media?parent=1241"}],"curies":[{"name":"wp","href":"https:\/\/api.w.org\/{rel}","templated":true}]}}