{"id":275,"date":"2022-11-04T15:04:42","date_gmt":"2022-11-04T15:04:42","guid":{"rendered":"https:\/\/observa.cat\/que-fem\/"},"modified":"2022-12-01T11:29:08","modified_gmt":"2022-12-01T11:29:08","slug":"que-hacemos","status":"publish","type":"page","link":"https:\/\/observa.cat\/es\/que-hacemos\/","title":{"rendered":"Qu\u00e9 hacemos"},"content":{"rendered":"\n<div style=\"height:150px\" aria-hidden=\"true\" class=\"wp-block-spacer\"><\/div>\n\n\n\n<div class=\"wp-block-columns is-layout-flex wp-container-core-columns-is-layout-9d6595d7 wp-block-columns-is-layout-flex\">\n<div class=\"wp-block-column is-layout-flow wp-block-column-is-layout-flow\" style=\"flex-basis:33.33%\">\n<figure class=\"wp-block-image size-full is-resized\"><img decoding=\"async\" src=\"https:\/\/observa.cat\/wp-content\/uploads\/2022\/11\/Recurso-3-1.svg\" alt=\"\" class=\"wp-image-177\" width=\"350\"\/><\/figure>\n<\/div>\n\n\n\n<div class=\"wp-block-column is-layout-flow wp-block-column-is-layout-flow\" style=\"flex-basis:66.66%\">\n<p><strong>La Asociaci\u00f3n OBSERVA nace para garantizar que haya una estructura estable de monitoreo del sistema penal por parte de la sociedad civil en Catalu\u00f1a. Su objetivo es apoyar y garantizar el funcionamiento de organizaciones, entidades y asociaciones que tengan como finalidades el estudio y monitoreo del funcionamiento del sistema penal y, en especial, del sistema penitenciario, para velar y promover acciones por el respeto de los Derechos Humanos.<\/strong><\/p>\n\n\n\n<p><strong>Actualmente, esta tarea se lleva a cabo, fundamentalmente, desde la sociedad civil, por parte del Sistema de Registro y Comunicaci\u00f3n de la Violencia Institucional (SIRECOVI), una herramienta del Observatorio del Sistema Penal y los Derechos Humanos de la Universitat de Barcelona (OSPDH). Si bien, la universidad cubre satisfactoriamente su dimensi\u00f3n formativa y dota de la infraestructura necesaria, y el Ayuntamiento de Barcelona apoya econ\u00f3micamente desde hace unos a\u00f1os para cubrir una peque\u00f1a parte de las tareas del SIRECOVI, la financiaci\u00f3n que el Observatorio obtiene es insuficiente para desarrollar esta tarea fundamental de monitoreo del sistema penal y penitenciario. Este trabajo necesita de un equipo estable de personas expertas para:<\/strong><\/p>\n<\/div>\n<\/div>\n\n\n\n<div style=\"height:55px\" aria-hidden=\"true\" class=\"wp-block-spacer\"><\/div>\n\n\n\n<div class=\"wp-block-columns is-layout-flex wp-container-core-columns-is-layout-9d6595d7 wp-block-columns-is-layout-flex\">\n<div class=\"wp-block-column is-layout-flow wp-block-column-is-layout-flow\"><div class=\"wp-block-image\">\n<figure class=\"aligncenter size-full is-resized\"><img loading=\"lazy\" decoding=\"async\" src=\"https:\/\/observa.cat\/wp-content\/uploads\/2022\/11\/recerca2.svg\" alt=\"\" class=\"wp-image-390\" width=\"150\" height=\"150\"\/><\/figure>\n<\/div>\n\n\n<div style=\"height:25px\" aria-hidden=\"true\" class=\"wp-block-spacer\"><\/div>\n\n\n\n<h2 class=\"has-text-align-center has-text-color wp-block-heading\" style=\"color:#cc4a4a\">Hacer investigaci\u00f3n espec\u00edfica -e independiente- sobre el funcionamiento del sistema penal, de forma continuada.<\/h2>\n<\/div>\n\n\n\n<div class=\"wp-block-column is-layout-flow wp-block-column-is-layout-flow\"><div class=\"wp-block-image\">\n<figure class=\"aligncenter size-full is-resized\"><img loading=\"lazy\" decoding=\"async\" src=\"https:\/\/observa.cat\/wp-content\/uploads\/2022\/11\/entrevista.svg\" alt=\"\" class=\"wp-image-401\" width=\"102\" height=\"150\"\/><\/figure>\n<\/div>\n\n\n<div style=\"height:25px\" aria-hidden=\"true\" class=\"wp-block-spacer\"><\/div>\n\n\n\n<h2 class=\"has-text-align-center has-text-color wp-block-heading\" style=\"color:#cc4a4a\">Realizar visitas peri\u00f3dicas a todas las prisiones catalanas para entrevistarse con personas presas y profesionales, en la vigilancia de la preservaci\u00f3n de los derechos fundamentales de las personas privadas de libertad.<\/h2>\n<\/div>\n\n\n\n<div class=\"wp-block-column is-layout-flow wp-block-column-is-layout-flow\"><div class=\"wp-block-image\">\n<figure class=\"aligncenter size-full is-resized\"><img loading=\"lazy\" decoding=\"async\" src=\"https:\/\/observa.cat\/wp-content\/uploads\/2022\/11\/gestions.svg\" alt=\"\" class=\"wp-image-399\" width=\"200\" height=\"150\"\/><\/figure>\n<\/div>\n\n\n<div style=\"height:63px\" aria-hidden=\"true\" class=\"wp-block-spacer\"><\/div>\n\n\n\n<h2 class=\"has-text-align-center has-text-color wp-block-heading\" style=\"color:#cc4a4a\">Llevar a cabo derivaciones y gestiones para las personas presas que tienen dificultades para acceder a asistencia jur\u00eddica, m\u00e9dica o psicosocial, as\u00ed como para dar apoyo e informaci\u00f3n a sus familias<\/h2>\n<\/div>\n<\/div>\n\n\n\n<div class=\"wp-block-columns is-layout-flex wp-container-core-columns-is-layout-9d6595d7 wp-block-columns-is-layout-flex\">\n<div class=\"wp-block-column is-layout-flow wp-block-column-is-layout-flow\"><div class=\"wp-block-image\">\n<figure class=\"aligncenter size-full is-resized\"><img loading=\"lazy\" decoding=\"async\" src=\"https:\/\/observa.cat\/wp-content\/uploads\/2022\/11\/documentar.svg\" alt=\"\" class=\"wp-image-405\" width=\"109\" height=\"150\"\/><\/figure>\n<\/div>\n\n\n<div style=\"height:25px\" aria-hidden=\"true\" class=\"wp-block-spacer\"><\/div>\n\n\n\n<h2 class=\"has-text-align-center has-text-color wp-block-heading\" style=\"color:#cc4a4a\">Documentar los casos de violencia institucional en el sistema penal para luchar contra la cifra negra y el negacionismo<\/h2>\n<\/div>\n\n\n\n<div class=\"wp-block-column is-layout-flow wp-block-column-is-layout-flow\"><div class=\"wp-block-image\">\n<figure class=\"aligncenter size-full is-resized\"><img loading=\"lazy\" decoding=\"async\" src=\"https:\/\/observa.cat\/wp-content\/uploads\/2022\/11\/informes.svg\" alt=\"\" class=\"wp-image-410\" width=\"108\" height=\"150\"\/><\/figure>\n<\/div>\n\n\n<div style=\"height:25px\" aria-hidden=\"true\" class=\"wp-block-spacer\"><\/div>\n\n\n\n<h2 class=\"has-text-align-center has-text-color wp-block-heading\" style=\"color:#cc4a4a\">Elaborar publicaciones e informes que visibilicen las realidades y problem\u00e1ticas de diferentes \u00e1mbitos de la privaci\u00f3n de libertad.<\/h2>\n<\/div>\n\n\n\n<div class=\"wp-block-column is-layout-flow wp-block-column-is-layout-flow\"><div class=\"wp-block-image\">\n<figure class=\"aligncenter size-full is-resized\"><img loading=\"lazy\" decoding=\"async\" src=\"https:\/\/observa.cat\/wp-content\/uploads\/2022\/11\/visibilitat.svg\" alt=\"\" class=\"wp-image-397\" width=\"200\" height=\"150\"\/><\/figure>\n<\/div>\n\n\n<div style=\"height:40px\" aria-hidden=\"true\" class=\"wp-block-spacer\"><\/div>\n\n\n\n<h2 class=\"has-text-align-center has-text-color wp-block-heading\" style=\"color:#cc4a4a\">Llevar a cabo campa\u00f1as de concienciaci\u00f3n social, de denuncia y de incidencia pol\u00edtica sobre estos temas.<\/h2>\n<\/div>\n<\/div>\n\n\n\n<p><strong>Por ello, desde OBSERVA, apostamos como estrategia actual, dedicar nuestros esfuerzos para conseguir financiaci\u00f3n para ayudar a garantizar el trabajo del OSPDH.<\/strong><\/p>\n","protected":false},"excerpt":{"rendered":"<p>La Asociaci\u00f3n OBSERVA nace para garantizar que haya una estructura estable de monitoreo del sistema penal por parte de la sociedad civil en Catalu\u00f1a. Su objetivo es apoyar y garantizar el funcionamiento de organizaciones, entidades y asociaciones que tengan como finalidades el estudio y monitoreo del funcionamiento del sistema penal y, en especial, del sistema [&hellip;]<\/p>\n","protected":false},"author":1,"featured_media":242,"parent":0,"menu_order":0,"comment_status":"closed","ping_status":"closed","template":"template\/observa.php","meta":{"_acf_changed":false,"give_campaign_id":0,"footnotes":""},"class_list":["post-275","page","type-page","status-publish","has-post-thumbnail","hentry"],"acf":[],"campaignId":"","_links":{"self":[{"href":"https:\/\/observa.cat\/es\/wp-json\/wp\/v2\/pages\/275","targetHints":{"allow":["GET"]}}],"collection":[{"href":"https:\/\/observa.cat\/es\/wp-json\/wp\/v2\/pages"}],"about":[{"href":"https:\/\/observa.cat\/es\/wp-json\/wp\/v2\/types\/page"}],"author":[{"embeddable":true,"href":"https:\/\/observa.cat\/es\/wp-json\/wp\/v2\/users\/1"}],"replies":[{"embeddable":true,"href":"https:\/\/observa.cat\/es\/wp-json\/wp\/v2\/comments?post=275"}],"version-history":[{"count":37,"href":"https:\/\/observa.cat\/es\/wp-json\/wp\/v2\/pages\/275\/revisions"}],"predecessor-version":[{"id":757,"href":"https:\/\/observa.cat\/es\/wp-json\/wp\/v2\/pages\/275\/revisions\/757"}],"wp:featuredmedia":[{"embeddable":true,"href":"https:\/\/observa.cat\/es\/wp-json\/wp\/v2\/media\/242"}],"wp:attachment":[{"href":"https:\/\/observa.cat\/es\/wp-json\/wp\/v2\/media?parent=275"}],"curies":[{"name":"wp","href":"https:\/\/api.w.org\/{rel}","templated":true}]}}