{"id":468,"date":"2022-11-22T12:51:09","date_gmt":"2022-11-22T12:51:09","guid":{"rendered":"https:\/\/observa.cat\/avis-legal\/"},"modified":"2022-11-22T14:11:28","modified_gmt":"2022-11-22T14:11:28","slug":"aviso-legal","status":"publish","type":"page","link":"https:\/\/observa.cat\/es\/aviso-legal\/","title":{"rendered":"Aviso legal"},"content":{"rendered":"\n<div style=\"height:100px\" aria-hidden=\"true\" class=\"wp-block-spacer\"><\/div>\n\n\n\n<h2 class=\"has-text-align-left has-text-color has-x-large-font-size wp-block-heading\" style=\"color:#cc4a4a\"><strong>AVISO LEGAL<\/strong><\/h2>\n\n\n\n<div style=\"height:55px\" aria-hidden=\"true\" class=\"wp-block-spacer\"><\/div>\n\n\n\n<p><strong>Titularidad de la web y los datos de contacto<\/strong><br>observa.cat es un dominio titularidad de la Asociaci\u00f3n OBSERVA con CIF G726304. El dominio no puede ser utilizado, sin autorizaci\u00f3n previa y expresa, de ninguna forma que pueda causar confusi\u00f3n o descr\u00e9dito a la Asociaci\u00f3n.<br>La finalidad de la web es dar informaci\u00f3n sobre la Asociaci\u00f3n OBSERVA y posibilitar la colaboraci\u00f3n econ\u00f3mica necesaria para su desarrollo y objetivos.<br>Datos de contacto: por correo electr\u00f3nico, <a href=\"mailto:info@observa.cat\" data-type=\"mailto\" data-id=\"mailto:\">info@observa.cat <\/a><\/p>\n\n\n\n<p><strong>Condiciones de uso de la web<\/strong><br>Las presentes condiciones de uso regulan el acceso a esta web. Para navegar en esta web, el usuario manifiesta su aceptaci\u00f3n, sin excepciones, de las presentes condiciones de uso.<br>La Asociaci\u00f3n OBSERVA se reserva el derecho unilateral de modificar las presentes condiciones de acceso en la web, as\u00ed como los contenidos incluidos.<\/p>\n\n\n\n<p><strong>Limitaci\u00f3n y exclusi\u00f3n de responsabilidad<\/strong><br>El contenido de esta web es de car\u00e1cter general y tiene una finalidad y efectos exclusivamente informativos. Asociaci\u00f3n OBSERVA no se responsabiliza de la mala utilizaci\u00f3n por terceros de los contenidos.<br>El usuario se obliga expresamente a no realizar ninguna acci\u00f3n destinada perjudicar, bloquear, da\u00f1ar, inutilizar, sobrecargar, de manera temporal o definitiva, las funcionalidades, herramientas, contenidos y\/o la infraestructura de la p\u00e1gina web, de forma que impida su normal utilizaci\u00f3n.<br>El usuario exime la Asociaci\u00f3n OBSERVA de cualquier responsabilidad que pudiera derivarse de las interrupciones de disponibilidad de la p\u00e1gina web, ya sea por mal funcionamiento del servidor web o de las aplicaciones, de las infraestructuras de comunicaciones o del software y hardware utilizados para la navegaci\u00f3n.<br>En caso de incluir enlaces a otras p\u00e1ginas web, la Asociaci\u00f3n OBSERVA declina cualquier responsabilidad relacionada con los accesos a los mismos.<br>El usuario responder\u00e1 de los da\u00f1os y perjuicios de cualquier tipo que la Asociaci\u00f3n OBSERVA o cualquier tercero pueda sufrir como consecuencia del incumplimiento de alguna de las obligaciones derivadas en virtud de estas condiciones generales de uso o de la ley en relaci\u00f3n con el acceso o utilizaci\u00f3n de la p\u00e1gina.<\/p>\n\n\n\n<p><strong>Propiedad intelectual e industrial<\/strong><br>La totalidad de esta web est\u00e1 protegida por las leyes de propiedad intelectual e industrial. Salvo que se indique el contrario, los derechos de propiedad intelectual respecto de los contenidos corresponden en exclusiva a la Asociaci\u00f3n OBSERVA. El usuario reconoce que el uso de los contenidos se limitar\u00e1 estrictamente a finalidades particulares del propio usuario y que la reproducci\u00f3n, distribuci\u00f3n, comunicaci\u00f3n o transformaci\u00f3n no expresamente autorizada de los contenidos mencionados constituir\u00eda una infracci\u00f3n de los derechos de propiedad intelectual.<br>As\u00ed mismo, el usuario se abstendr\u00e1 de aplicar los contenidos y principalmente la informaci\u00f3n de cualquier tipo obtenida mediante esta web para remitir publicidad o comunicaciones con fines de venta directa o de car\u00e1cter comercial, o mensajes no solicitados dirigidos a una pluralidad de personas con independencia de su finalidad. Tambi\u00e9n se abstendr\u00e1 de divulgar de cualquier manera esta informaci\u00f3n.<\/p>\n\n\n\n<p><strong>Cookies<\/strong><br>Esta web utiliza cookies propias y de terceros para varias finalidades incluyendo anal\u00edticas y publicitarias adaptadas a los intereses del usuario. Visualizar esta web con las cookies activadas al navegador implica la aceptaci\u00f3n de su tratamiento conforme a nuestra pol\u00edtica de cookies.<br>Lea detenidamente nuestra pol\u00edtica de cookies para conocer las tipolog\u00edas de cookies empleadas, y como bloquearlas o borrarlas a su navegador.<\/p>\n\n\n\n<p><strong><strong>Legislaci\u00f3n y jurisdicci\u00f3n aplicable<\/strong><\/strong><br>El presente Aviso Legal as\u00ed como las relaciones entre la Asociaci\u00f3n OBSERVA y los usuarios se regir\u00e1n por la normativa espa\u00f1ola vigente y cualquier controversia se someter\u00e1 a los Juzgados y Tribunales de Barcelona, excepto en el caso de consumidores y usuarios donde se aplicar\u00e1 el fuero imperativo de los juzgados que correspondan en su domicilio.<\/p>\n","protected":false},"excerpt":{"rendered":"<p>AVISO LEGAL Titularidad de la web y los datos de contactoobserva.cat es un dominio titularidad de la Asociaci\u00f3n OBSERVA con CIF G726304. El dominio no puede ser utilizado, sin autorizaci\u00f3n previa y expresa, de ninguna forma que pueda causar confusi\u00f3n o descr\u00e9dito a la Asociaci\u00f3n.La finalidad de la web es dar informaci\u00f3n sobre la Asociaci\u00f3n [&hellip;]<\/p>\n","protected":false},"author":1,"featured_media":0,"parent":0,"menu_order":0,"comment_status":"closed","ping_status":"closed","template":"template\/observa.php","meta":{"_acf_changed":false,"give_campaign_id":0,"footnotes":""},"class_list":["post-468","page","type-page","status-publish","hentry"],"acf":[],"campaignId":"","_links":{"self":[{"href":"https:\/\/observa.cat\/es\/wp-json\/wp\/v2\/pages\/468","targetHints":{"allow":["GET"]}}],"collection":[{"href":"https:\/\/observa.cat\/es\/wp-json\/wp\/v2\/pages"}],"about":[{"href":"https:\/\/observa.cat\/es\/wp-json\/wp\/v2\/types\/page"}],"author":[{"embeddable":true,"href":"https:\/\/observa.cat\/es\/wp-json\/wp\/v2\/users\/1"}],"replies":[{"embeddable":true,"href":"https:\/\/observa.cat\/es\/wp-json\/wp\/v2\/comments?post=468"}],"version-history":[{"count":4,"href":"https:\/\/observa.cat\/es\/wp-json\/wp\/v2\/pages\/468\/revisions"}],"predecessor-version":[{"id":474,"href":"https:\/\/observa.cat\/es\/wp-json\/wp\/v2\/pages\/468\/revisions\/474"}],"wp:attachment":[{"href":"https:\/\/observa.cat\/es\/wp-json\/wp\/v2\/media?parent=468"}],"curies":[{"name":"wp","href":"https:\/\/api.w.org\/{rel}","templated":true}]}}