{"id":640,"date":"2022-11-28T15:19:10","date_gmt":"2022-11-28T15:19:10","guid":{"rendered":"https:\/\/observa.cat\/politica-de-privacitat\/"},"modified":"2022-11-28T15:31:16","modified_gmt":"2022-11-28T15:31:16","slug":"politica-de-privacidad","status":"publish","type":"page","link":"https:\/\/observa.cat\/es\/politica-de-privacidad\/","title":{"rendered":"Pol\u00edtica de privacidad"},"content":{"rendered":"\n<div style=\"height:100px\" aria-hidden=\"true\" class=\"wp-block-spacer\"><\/div>\n\n\n\n<h2 class=\"has-text-color has-x-large-font-size wp-block-heading\" style=\"color:#cc4a4a\"><strong>Pol\u00edtica de privacidad<\/strong><\/h2>\n\n\n\n<div style=\"height:55px\" aria-hidden=\"true\" class=\"wp-block-spacer\"><\/div>\n\n\n\n<p>Las personas que deciden hacer una aportaci\u00f3n econ\u00f3mica para OBSERVA lo har\u00e1n a trav\u00e9s de la pasarela de pago de <em>Stripe<\/em> (<a href=\"https:\/\/stripe.com\/es\">https:\/\/stripe.com\/es<\/a>). <em>Stripe<\/em> es la encargada de gestionar la seguridad y la privacidad de los datos de car\u00e1cter personal.<\/p>\n\n\n\n<p>Visite el Centro de Privacidad de <em>Stripe<\/em> (<a href=\"https:\/\/stripe.com\/en-es\/privacy\">https:\/\/stripe.com\/en-es\/privacy<\/a>) para obtener m\u00e1s informaci\u00f3n sobre su Pol\u00edtica de privacidad, donde se describen los \u201cdatos personales\u201d que se recogen, como se utilizan, se comparten, sus derechos y opciones, y como puede ponerse en contacto. Su Pol\u00edtica tambi\u00e9n describe sus derechos como interesado, incluido el derecho a oponerse en algunos usos de estos datos por parte de <em>Stripe<\/em>.<\/p>\n\n\n\n<p>La Asociaci\u00f3n OBSERVA tambi\u00e9n podr\u00e1 obtener algunos datos limitados de car\u00e1cter personal de los usuarios de la plataforma de pago. En este caso, <strong>la responsable del tratamiento de los datos <\/strong>es la Asociaci\u00f3n OBSERVA, con CIF G726304 y domicilio social en calle Camp 38, sobre\u00e0tic, 08022 Barcelona.<\/p>\n\n\n\n<p><strong>Las finalidades<\/strong> ser\u00e1n las de atender las peticiones de las personas donantes respecto de su perfil, as\u00ed como para cumplir con las obligaciones tributarias de la Asociaci\u00f3n.<\/p>\n\n\n\n<p><strong>Cu\u00e1nto de tiempo conservaremos tus datos personales?<\/strong> Los datos personales se conservar\u00e1n durante el plazo m\u00ednimo previsto por la normativa vigente (en especial, fiscal, contable y de prevenci\u00f3n de blanqueo de capitales).<\/p>\n\n\n\n<p><strong>Cu\u00e1l es la legitimaci\u00f3n para el tratamiento de tus datos personales?<\/strong> La base legal para el tratamiento de datos es el consentimiento expl\u00edcito expresado con la aceptaci\u00f3n de la Pol\u00edtica de Privacidad.<\/p>\n\n\n\n<p><strong>A qu\u00e9 destinatarios se comunicar\u00e1n tus datos personales?<\/strong> Los datos podr\u00e1n comunicarse a la Administraci\u00f3n P\u00fablica en los supuestos previstos por la Ley.<\/p>\n\n\n\n<p><strong>Cu\u00e1les son tus derechos en relaci\u00f3n con tus datos personales?<\/strong> Puedes acceder a tus datos personales, as\u00ed como solicitar la rectificaci\u00f3n de los datos inexactos o, si fuera el caso, solicitar la supresi\u00f3n cuando los datos ya no sean necesarios para las finalidades para las que fueron recogidos. Tambi\u00e9n puedes solicitar la limitaci\u00f3n, portabilidad y oposici\u00f3n del tratamiento de sus datos, en determinadas circunstancias y por motivos relacionados con tu situaci\u00f3n particular. Igualmente, podr\u00e1s revocar el consentimiento al env\u00edo de comunicaciones comerciales y ejercer estos derechos, mediante el env\u00edo de un correo electr\u00f3nico a <a href=\"mailto:info@observa.cat\">info@observa.cat<\/a>. Si no obtienes una respuesta satisfactoria y deseas formular una reclamaci\u00f3n u obtener m\u00e1s informaci\u00f3n al respecto de cualquier de estos derechos, podr\u00e1s dirigirte a la Agencia Espa\u00f1ola de Protecci\u00f3n de Datos (<a href=\"http:\/\/www.agpd.es\/\">www.agpd.es<\/a> \u2013 C\/ Jorge Juan, 6 de Madrid).<\/p>\n","protected":false},"excerpt":{"rendered":"<p>Pol\u00edtica de privacidad Las personas que deciden hacer una aportaci\u00f3n econ\u00f3mica para OBSERVA lo har\u00e1n a trav\u00e9s de la pasarela de pago de Stripe (https:\/\/stripe.com\/es). Stripe es la encargada de gestionar la seguridad y la privacidad de los datos de car\u00e1cter personal. Visite el Centro de Privacidad de Stripe (https:\/\/stripe.com\/en-es\/privacy) para obtener m\u00e1s informaci\u00f3n sobre [&hellip;]<\/p>\n","protected":false},"author":1,"featured_media":0,"parent":0,"menu_order":0,"comment_status":"closed","ping_status":"closed","template":"template\/observa.php","meta":{"_acf_changed":false,"give_campaign_id":0,"footnotes":""},"class_list":["post-640","page","type-page","status-publish","hentry"],"acf":[],"campaignId":"","_links":{"self":[{"href":"https:\/\/observa.cat\/es\/wp-json\/wp\/v2\/pages\/640","targetHints":{"allow":["GET"]}}],"collection":[{"href":"https:\/\/observa.cat\/es\/wp-json\/wp\/v2\/pages"}],"about":[{"href":"https:\/\/observa.cat\/es\/wp-json\/wp\/v2\/types\/page"}],"author":[{"embeddable":true,"href":"https:\/\/observa.cat\/es\/wp-json\/wp\/v2\/users\/1"}],"replies":[{"embeddable":true,"href":"https:\/\/observa.cat\/es\/wp-json\/wp\/v2\/comments?post=640"}],"version-history":[{"count":2,"href":"https:\/\/observa.cat\/es\/wp-json\/wp\/v2\/pages\/640\/revisions"}],"predecessor-version":[{"id":642,"href":"https:\/\/observa.cat\/es\/wp-json\/wp\/v2\/pages\/640\/revisions\/642"}],"wp:attachment":[{"href":"https:\/\/observa.cat\/es\/wp-json\/wp\/v2\/media?parent=640"}],"curies":[{"name":"wp","href":"https:\/\/api.w.org\/{rel}","templated":true}]}}