{"id":648,"date":"2022-11-24T10:12:00","date_gmt":"2022-11-24T10:12:00","guid":{"rendered":"https:\/\/observa.cat\/fes-un-donatiu\/"},"modified":"2023-01-16T10:23:45","modified_gmt":"2023-01-16T10:23:45","slug":"haz-un-donativo","status":"publish","type":"page","link":"https:\/\/observa.cat\/es\/haz-un-donativo\/","title":{"rendered":"Haz un donativo"},"content":{"rendered":"\n<div style=\"height:45px\" aria-hidden=\"true\" class=\"wp-block-spacer\"><\/div>\n\n\n\n<div class=\"wp-block-cover is-light coberta wp-duotone-unset-1\" style=\"min-height:250px;aspect-ratio:unset;\"><span aria-hidden=\"true\" class=\"wp-block-cover__background has-white-background-color has-background-dim-60 has-background-dim\"><\/span><img loading=\"lazy\" decoding=\"async\" width=\"900\" height=\"601\" class=\"wp-block-cover__image-background wp-image-843\" alt=\"\" src=\"https:\/\/observa.cat\/wp-content\/uploads\/2022\/12\/web_21-06-16.Brians-1.BraisGRouco-9449.jpg\" data-object-fit=\"cover\" srcset=\"https:\/\/observa.cat\/wp-content\/uploads\/2022\/12\/web_21-06-16.Brians-1.BraisGRouco-9449.jpg 900w, https:\/\/observa.cat\/wp-content\/uploads\/2022\/12\/web_21-06-16.Brians-1.BraisGRouco-9449-300x200.jpg 300w, https:\/\/observa.cat\/wp-content\/uploads\/2022\/12\/web_21-06-16.Brians-1.BraisGRouco-9449-768x513.jpg 768w\" sizes=\"auto, (max-width: 900px) 100vw, 900px\" \/><div class=\"wp-block-cover__inner-container is-layout-flow wp-block-cover-is-layout-flow\">\n<h2 class=\"has-text-align-center has-text-color wp-block-heading\" style=\"color:#cc4a4a;font-size:35px\"><strong>Necesitamos tu apoyo<br>para garantizar el respeto de los derechos fundamentales<br>de las personas presas en Catalu\u00f1a<\/strong><\/h2>\n<\/div><\/div>\n\n\n\n<div style=\"height:25px\" aria-hidden=\"true\" class=\"wp-block-spacer\"><\/div>\n\n\n\n\n\n<p class=\"has-text-align-center\"><strong>Para garantizar la estabilidad de un equipo de profesionales independientes que realice tareas constantes de monitoreo<\/strong>&nbsp;del sistema penal, trabajo de investigaci\u00f3n y an\u00e1lisis, y acciones de incidencia social y pol\u00edtica, necesitamos conseguir fuentes de financiaci\u00f3n estables.&nbsp;<strong>Por eso, te pedimos que te hagas&nbsp;<em>OBSERVADOR<\/em>\/<em>A<\/em><\/strong><\/p>\n\n\n\n<div style=\"height:25px\" aria-hidden=\"true\" class=\"wp-block-spacer\"><\/div>\n\n\n<div class=\"give-embed-form-wrapper\" id=\"give-6a08f4328740c\"><iframe\n\t\t\t\tname=\"give-embed-form\"\n\t\t\t\tsrc=\"https:\/\/observa.cat\/es\/give\/donacions-formulari-2\/?giveDonationFormInIframe=1\"\n\t\t\t\t\n\t\t\t\tdata-autoScroll=\"0\"\n\t\t\t\tonload=\"if( 'undefined' !== typeof Give ) { Give.initializeIframeResize(this) }\"\n\t\t\t\tstyle=\"border: 0;visibility: hidden;min-height: 645px;\"><\/iframe><div class=\"iframe-loader\">\n<div style=\"\n\t\theight: calc(100% - 28px);\n\t\twidth: calc(100% - 20px);\n\t\tmax-width: 552px;\n\t\tmargin: 10px auto 10px auto;\n\t\tbackground: transparent;\n\t\tborder-radius: 6px;\n\t\tdisplay: flex;\n\t\talign-items: center;\n\t\tjustify-content: center;\n\t\">\n    <div style=\"\n        pointer-events: none;\n        height: 90px;\n        width: 90px;\n        background-image: url(&quot;data:image\/svg+xml;charset=utf8,%3C?xml version='1.0' encoding='utf-8'?%3E%3C!-- Generator: Adobe Illustrator 24.1.0, SVG Export Plug-In . SVG Version: 6.00 Build 0) --%3E%3Csvg version='1.1' id='Layer_1' xmlns='http:\/\/www.w3.org\/2000\/svg' xmlns:xlink='http:\/\/www.w3.org\/1999\/xlink' x='0px' y='0px' viewBox='0 0 349 348' style='enable-background:new 0 0 349 348;' xml:space='preserve'%3E%3Cstyle type='text\/css'%3E .st0{fill:%23cc4a4a;} %3C\/style%3E%3Cpath class='st0' d='M25.1,204.57c-13.38,0-24.47-10.6-24.97-24.08C0.04,178.09,0,175.97,0,174C0,77.78,78.28-0.5,174.5-0.5 c13.81,0,25,11.19,25,25s-11.19,25-25,25C105.85,49.5,50,105.35,50,174c0,1.37,0.03,2.85,0.1,4.65c0.51,13.8-10.27,25.39-24.07,25.9 C25.72,204.56,25.41,204.57,25.1,204.57z'\/%3E%3Cpath class='st0' d='M174.5,348.5c-13.81,0-25-11.19-25-25c0-13.81,11.19-25,25-25c68.65,0,124.5-55.85,124.5-124.5 c0-1.38-0.03-2.85-0.1-4.65c-0.51-13.8,10.26-25.4,24.06-25.91c13.83-0.53,25.4,10.26,25.91,24.06c0.09,2.39,0.13,4.51,0.13,6.49 C349,270.22,270.72,348.5,174.5,348.5z'\/%3E%3C\/svg%3E&quot;);\n        animation: spin 0.6s linear infinite;\n        \"><\/div>\n<\/div>\n<\/div><\/div>\n\n\n\n<button class=\"accordion\">Qu\u00e9 implica hacerte OBSERVADOR\/A?<\/button>\n<div class=\"panel\">\n  <p>Haci\u00e9ndote OBSERVADOR\/A ayudas a mantener una estructura estable e independiente de monitoreo del sistema penal y, en especial, del sistema penitenciario en Catalu\u00f1a.<\/p>\n\n<p>Esta tarea de observaci\u00f3n, acompa\u00f1amiento, investigaci\u00f3n y an\u00e1lisis del sistema penal se lleva a cabo por parte de un equipo de profesionales en el \u00e1mbito del derecho penitenciario, la criminolog\u00eda cr\u00edtica, la sociolog\u00eda juridicopenal, la pol\u00edtica penal, la psicolog\u00eda, la comunicaci\u00f3n e incidencia pol\u00edtica. Actualmente, este equipo de trabajo se coordina a trav\u00e9s del Sistema de Registro y Comunicaci\u00f3n de la Violencia Institucional (SIRECOVI), que forma parte del Observatorio del Sistema Penal y los Derechos Humanos (OSPDH) de la Universitat de Barcelona.<\/p>\n\n<a class=\"button-fletxa\" href=\"https:\/\/observa.cat\/es\/que-hacemos\/\" target=\"blanck\" rel=\"noopener\">Haci\u00e9ndote OBSERVADOR\/A har\u00e1s posible \u2192<\/a>\n<br>\n<p>Las personas OBSERVADORAS ser\u00e9is las principales sustentadoras del proyecto y las garantes de su independencia y, por tanto, tendr\u00e9is acceso preferente a los informes y a las presentaciones de datos peri\u00f3dicos que iremos llevando a cabo como resultado de nuestras visitas, investigaciones y an\u00e1lisis. <\/p>\n<\/div>\n\n\n\n<div style=\"height:55px\" aria-hidden=\"true\" class=\"wp-block-spacer\"><\/div>\n\n\n\n<h2 class=\"has-text-align-center wp-block-heading\"><strong><strong>Si lo prefires, tambi\u00e9n puedes ayudarnos con una donaci\u00f3 puntual<\/strong><\/strong><\/h2>\n\n\n<div class=\"give-embed-form-wrapper\" id=\"give-6a08f4327db53\"><iframe\n\t\t\t\tname=\"give-embed-form\"\n\t\t\t\tsrc=\"https:\/\/observa.cat\/es\/give\/donacions-formulari\/?giveDonationFormInIframe=1\"\n\t\t\t\t\n\t\t\t\tdata-autoScroll=\"0\"\n\t\t\t\tonload=\"if( 'undefined' !== typeof Give ) { Give.initializeIframeResize(this) }\"\n\t\t\t\tstyle=\"border: 0;visibility: hidden;min-height: 645px;\"><\/iframe><div class=\"iframe-loader\">\n<div style=\"\n\t\theight: calc(100% - 28px);\n\t\twidth: calc(100% - 20px);\n\t\tmax-width: 552px;\n\t\tmargin: 10px auto 10px auto;\n\t\tbackground: transparent;\n\t\tborder-radius: 6px;\n\t\tdisplay: flex;\n\t\talign-items: center;\n\t\tjustify-content: center;\n\t\">\n    <div style=\"\n        pointer-events: none;\n        height: 90px;\n        width: 90px;\n        background-image: url(&quot;data:image\/svg+xml;charset=utf8,%3C?xml version='1.0' encoding='utf-8'?%3E%3C!-- Generator: Adobe Illustrator 24.1.0, SVG Export Plug-In . SVG Version: 6.00 Build 0) --%3E%3Csvg version='1.1' id='Layer_1' xmlns='http:\/\/www.w3.org\/2000\/svg' xmlns:xlink='http:\/\/www.w3.org\/1999\/xlink' x='0px' y='0px' viewBox='0 0 349 348' style='enable-background:new 0 0 349 348;' xml:space='preserve'%3E%3Cstyle type='text\/css'%3E .st0{fill:%23cc4a4a;} %3C\/style%3E%3Cpath class='st0' d='M25.1,204.57c-13.38,0-24.47-10.6-24.97-24.08C0.04,178.09,0,175.97,0,174C0,77.78,78.28-0.5,174.5-0.5 c13.81,0,25,11.19,25,25s-11.19,25-25,25C105.85,49.5,50,105.35,50,174c0,1.37,0.03,2.85,0.1,4.65c0.51,13.8-10.27,25.39-24.07,25.9 C25.72,204.56,25.41,204.57,25.1,204.57z'\/%3E%3Cpath class='st0' d='M174.5,348.5c-13.81,0-25-11.19-25-25c0-13.81,11.19-25,25-25c68.65,0,124.5-55.85,124.5-124.5 c0-1.38-0.03-2.85-0.1-4.65c-0.51-13.8,10.26-25.4,24.06-25.91c13.83-0.53,25.4,10.26,25.91,24.06c0.09,2.39,0.13,4.51,0.13,6.49 C349,270.22,270.72,348.5,174.5,348.5z'\/%3E%3C\/svg%3E&quot;);\n        animation: spin 0.6s linear infinite;\n        \"><\/div>\n<\/div>\n<\/div><\/div>\n\n\n<div style=\"height:55px\" aria-hidden=\"true\" class=\"wp-block-spacer\"><\/div>\n\n\n\t<div class=\"give-totals-shortcode-wrap\">\n\t\t<div class=\"give-goal-progress\">\n\t<div class=\"raised\">\n\t\t<span class=\"give-percentage\">36%<\/span> financiado\t<\/div>\n\n\t<div class=\"give-progress-bar\" role=\"progressbar\" aria-valuemin=\"0\" aria-valuemax=\"100\"\n\t\t aria-valuenow=\"36.48\">\n\t\t\t<span style=\"width: 36.48%;\n\t\t\t\t\t\t\t\t\t\t\tbackground-color:#2bc253\t\t\t\"><\/span>\n\t<\/div><!-- \/.give-progress-bar -->\n\n<\/div><!-- \/.goal-progress -->\nGracias a vosotros, hemos recaudado un total de 18.238,00&euro;. Necesitamos llegar a 50.000 euros para poder garantizar la sostenibilidad anual de este proyecto.\t<\/div>\n\t\n\n\n\n<div style=\"height:55px\" aria-hidden=\"true\" class=\"wp-block-spacer\"><\/div>\n\n\n<div class=\"give-wrap give-grid-ie-utility\"><div class=\"give-grid give-grid--2\">\n\n<div class=\"give-grid__item\">\n    <div class=\"give-donor give-card\">\n        <div class=\"give-donor-container\">\n                                    <div class=\"give-donor-container-variation\"\n                style=\"flex-direction: row; align-items: flex-end;\">\n                                    <h3 class=\"give-donor-container-variation__name\">\n                                                N\u00faria Ramos Geli                    <\/h3>\n                \n                \n                                    <p class=\"give-donor-container-variation__timestamp\">\n                        noviembre 19, 2024                    <\/p>\n                            <\/div>\n                        <div class=\"give-donor-details\">\n                <div class=\"give-donor-details__wrapper\">\n                    <span class='give - donor - details__amount_donated'>Cantidad donada<\/span>                <\/div>\n\n                \n                             <span class= 'give-donor-details__total' style='color: #219653'> 50,00&euro; <\/span>\n                                    <\/div>\n        <\/div>\n            <\/div>\n<\/div>\n\n\n<div class=\"give-grid__item\">\n    <div class=\"give-donor give-card\">\n        <div class=\"give-donor-container\">\n                                    <div class=\"give-donor-container-variation\"\n                style=\"flex-direction: row; align-items: flex-end;\">\n                                    <h3 class=\"give-donor-container-variation__name\">\n                                                Janira Colocho Romero                    <\/h3>\n                \n                \n                                    <p class=\"give-donor-container-variation__timestamp\">\n                        septiembre 12, 2024                    <\/p>\n                            <\/div>\n                        <div class=\"give-donor-details\">\n                <div class=\"give-donor-details__wrapper\">\n                    <span class='give - donor - details__amount_donated'>Cantidad donada<\/span>                <\/div>\n\n                \n                             <span class= 'give-donor-details__total' style='color: #219653'> 50,00&euro; <\/span>\n                                    <\/div>\n        <\/div>\n            <\/div>\n<\/div>\n\n\n<div class=\"give-grid__item\">\n    <div class=\"give-donor give-card\">\n        <div class=\"give-donor-container\">\n                                    <div class=\"give-donor-container-variation\"\n                style=\"flex-direction: row; align-items: flex-end;\">\n                                    <h3 class=\"give-donor-container-variation__name\">\n                                                Marta Vencesloa                    <\/h3>\n                \n                \n                                    <p class=\"give-donor-container-variation__timestamp\">\n                        diciembre 15, 2023                    <\/p>\n                            <\/div>\n                        <div class=\"give-donor-details\">\n                <div class=\"give-donor-details__wrapper\">\n                    <span class='give - donor - details__amount_donated'>Cantidad donada<\/span>                <\/div>\n\n                \n                             <span class= 'give-donor-details__total' style='color: #219653'> 20,00&euro; <\/span>\n                                    <\/div>\n        <\/div>\n            <\/div>\n<\/div>\n\n\n<div class=\"give-grid__item\">\n    <div class=\"give-donor give-card\">\n        <div class=\"give-donor-container\">\n                                    <div class=\"give-donor-container-variation\"\n                style=\"flex-direction: row; align-items: flex-end;\">\n                                    <h3 class=\"give-donor-container-variation__name\">\n                                                Assoc. IDRISSA Tanquem els CIE                    <\/h3>\n                \n                \n                                    <p class=\"give-donor-container-variation__timestamp\">\n                        diciembre 13, 2023                    <\/p>\n                            <\/div>\n                        <div class=\"give-donor-details\">\n                <div class=\"give-donor-details__wrapper\">\n                    <span class='give - donor - details__amount_donated'>Cantidad donada<\/span>                <\/div>\n\n                \n                             <span class= 'give-donor-details__total' style='color: #219653'> 100,00&euro; <\/span>\n                                    <\/div>\n        <\/div>\n            <\/div>\n<\/div>\n\n\n<div class=\"give-grid__item\">\n    <div class=\"give-donor give-card\">\n        <div class=\"give-donor-container\">\n                                    <div class=\"give-donor-container-variation\"\n                style=\"flex-direction: row; align-items: flex-end;\">\n                                    <h3 class=\"give-donor-container-variation__name\">\n                                                N\u00faria Mateu                    <\/h3>\n                \n                \n                                    <p class=\"give-donor-container-variation__timestamp\">\n                        diciembre 4, 2023                    <\/p>\n                            <\/div>\n                        <div class=\"give-donor-details\">\n                <div class=\"give-donor-details__wrapper\">\n                    <span class='give - donor - details__amount_donated'>Cantidad donada<\/span>                <\/div>\n\n                \n                             <span class= 'give-donor-details__total' style='color: #219653'> 25,00&euro; <\/span>\n                                    <\/div>\n        <\/div>\n            <\/div>\n<\/div>\n\n\n<div class=\"give-grid__item\">\n    <div class=\"give-donor give-card\">\n        <div class=\"give-donor-container\">\n                                    <div class=\"give-donor-container-variation\"\n                style=\"flex-direction: row; align-items: flex-end;\">\n                                    <h3 class=\"give-donor-container-variation__name\">\n                                                Esther Miquel Montagud                    <\/h3>\n                \n                \n                                    <p class=\"give-donor-container-variation__timestamp\">\n                        mayo 14, 2023                    <\/p>\n                            <\/div>\n                        <div class=\"give-donor-details\">\n                <div class=\"give-donor-details__wrapper\">\n                    <span class='give - donor - details__amount_donated'>Cantidad donada<\/span>                <\/div>\n\n                \n                             <span class= 'give-donor-details__total' style='color: #219653'> 20,00&euro; <\/span>\n                                    <\/div>\n        <\/div>\n            <\/div>\n<\/div>\n\n\n<div class=\"give-grid__item\">\n    <div class=\"give-donor give-card\">\n        <div class=\"give-donor-container\">\n                                    <div class=\"give-donor-container-variation\"\n                style=\"flex-direction: row; align-items: flex-end;\">\n                                    <h3 class=\"give-donor-container-variation__name\">\n                                                Joan Bonsfills Rovira                    <\/h3>\n                \n                \n                                    <p class=\"give-donor-container-variation__timestamp\">\n                        abril 2, 2023                    <\/p>\n                            <\/div>\n                        <div class=\"give-donor-details\">\n                <div class=\"give-donor-details__wrapper\">\n                    <span class='give - donor - details__amount_donated'>Cantidad donada<\/span>                <\/div>\n\n                \n                             <span class= 'give-donor-details__total' style='color: #219653'> 50,00&euro; <\/span>\n                                    <\/div>\n        <\/div>\n            <\/div>\n<\/div>\n\n\n<div class=\"give-grid__item\">\n    <div class=\"give-donor give-card\">\n        <div class=\"give-donor-container\">\n                                    <div class=\"give-donor-container-variation\"\n                style=\"flex-direction: row; align-items: flex-end;\">\n                                    <h3 class=\"give-donor-container-variation__name\">\n                                                Anonymous                    <\/h3>\n                \n                \n                                    <p class=\"give-donor-container-variation__timestamp\">\n                        marzo 27, 2023                    <\/p>\n                            <\/div>\n                        <div class=\"give-donor-details\">\n                <div class=\"give-donor-details__wrapper\">\n                    <span class='give - donor - details__amount_donated'>Cantidad donada<\/span>                <\/div>\n\n                \n                             <span class= 'give-donor-details__total' style='color: #219653'> 5,00&euro; <\/span>\n                                    <\/div>\n        <\/div>\n            <\/div>\n<\/div>\n\n\n<div class=\"give-grid__item\">\n    <div class=\"give-donor give-card\">\n        <div class=\"give-donor-container\">\n                                    <div class=\"give-donor-container-variation\"\n                style=\"flex-direction: row; align-items: flex-end;\">\n                                    <h3 class=\"give-donor-container-variation__name\">\n                                                Anonymous                    <\/h3>\n                \n                \n                                    <p class=\"give-donor-container-variation__timestamp\">\n                        marzo 27, 2023                    <\/p>\n                            <\/div>\n                        <div class=\"give-donor-details\">\n                <div class=\"give-donor-details__wrapper\">\n                    <span class='give - donor - details__amount_donated'>Cantidad donada<\/span>                <\/div>\n\n                \n                             <span class= 'give-donor-details__total' style='color: #219653'> 50,00&euro; <\/span>\n                                    <\/div>\n        <\/div>\n            <\/div>\n<\/div>\n\n\n<div class=\"give-grid__item\">\n    <div class=\"give-donor give-card\">\n        <div class=\"give-donor-container\">\n                                    <div class=\"give-donor-container-variation\"\n                style=\"flex-direction: row; align-items: flex-end;\">\n                                    <h3 class=\"give-donor-container-variation__name\">\n                                                Paula Villasante                    <\/h3>\n                \n                \n                                    <p class=\"give-donor-container-variation__timestamp\">\n                        marzo 11, 2023                    <\/p>\n                            <\/div>\n                        <div class=\"give-donor-details\">\n                <div class=\"give-donor-details__wrapper\">\n                    <span class='give - donor - details__amount_donated'>Cantidad donada<\/span>                <\/div>\n\n                \n                             <span class= 'give-donor-details__total' style='color: #219653'> 30,00&euro; <\/span>\n                                    <\/div>\n        <\/div>\n            <\/div>\n<\/div>\n\n\n<div class=\"give-grid__item\">\n    <div class=\"give-donor give-card\">\n        <div class=\"give-donor-container\">\n                                    <div class=\"give-donor-container-variation\"\n                style=\"flex-direction: row; align-items: flex-end;\">\n                                    <h3 class=\"give-donor-container-variation__name\">\n                                                Miguel Mart\u00edn Ayll\u00f3n                    <\/h3>\n                \n                \n                                    <p class=\"give-donor-container-variation__timestamp\">\n                        febrero 6, 2023                    <\/p>\n                            <\/div>\n                        <div class=\"give-donor-details\">\n                <div class=\"give-donor-details__wrapper\">\n                    <span class='give - donor - details__amount_donated'>Cantidad donada<\/span>                <\/div>\n\n                \n                             <span class= 'give-donor-details__total' style='color: #219653'> 50,00&euro; <\/span>\n                                    <\/div>\n        <\/div>\n            <\/div>\n<\/div>\n\n\n<div class=\"give-grid__item\">\n    <div class=\"give-donor give-card\">\n        <div class=\"give-donor-container\">\n                                    <div class=\"give-donor-container-variation\"\n                style=\"flex-direction: row; align-items: flex-end;\">\n                                    <h3 class=\"give-donor-container-variation__name\">\n                                                Olga Gonz\u00e1lez Relats                    <\/h3>\n                \n                \n                                    <p class=\"give-donor-container-variation__timestamp\">\n                        febrero 6, 2023                    <\/p>\n                            <\/div>\n                        <div class=\"give-donor-details\">\n                <div class=\"give-donor-details__wrapper\">\n                    <span class='give - donor - details__amount_donated'>Cantidad donada<\/span>                <\/div>\n\n                \n                             <span class= 'give-donor-details__total' style='color: #219653'> 50,00&euro; <\/span>\n                                    <\/div>\n        <\/div>\n            <\/div>\n<\/div>\n<\/div><input type=\"hidden\" class=\"give-donor-wall-shortcode-attrs\" data-shortcode=\"donors_per_page%3D12%26form_id%3D%26paged%3D1%26ids%3D%26cats%3D%26tags%3D%26columns%3D2%26anonymous%3D1%26show_avatar%3D0%26show_name%3D1%26show_company_name%3D0%26show_form%3D%26show_total%3D1%26show_comments%3D0%26show_tributes%3D0%26comment_length%3D80%26only_comments%3D0%26readmore_text%3DRead%2Bmore%26loadmore_text%3DCargar%2Bm%25C3%25A1s%26avatar_size%3D75%26color%3D%2523219653%26orderby%3Dpost_date%26order%3DDESC%26hide_empty%3D1%26only_donor_html%3D0%26show_time%3D1\" data-nonce=\"52bc9e2c01\"><button class=\"give-donor__load_more give-button-with-loader\"><span class=\"give-loading-animation\"><\/span>Cargar m\u00e1s<\/button><\/div>","protected":false},"excerpt":{"rendered":"<p>Para garantizar la estabilidad de un equipo de profesionales independientes que realice tareas constantes de monitoreo&nbsp;del sistema penal, trabajo de investigaci\u00f3n y an\u00e1lisis, y acciones de incidencia social y pol\u00edtica, necesitamos conseguir fuentes de financiaci\u00f3n estables.&nbsp;Por eso, te pedimos que te hagas&nbsp;OBSERVADOR\/A Qu\u00e9 implica hacerte OBSERVADOR\/A? Haci\u00e9ndote OBSERVADOR\/A ayudas a mantener una estructura estable e [&hellip;]<\/p>\n","protected":false},"author":1,"featured_media":618,"parent":0,"menu_order":0,"comment_status":"closed","ping_status":"closed","template":"template\/observa.php","meta":{"_acf_changed":false,"give_campaign_id":0,"footnotes":""},"class_list":["post-648","page","type-page","status-publish","has-post-thumbnail","hentry"],"acf":[],"campaignId":"","_links":{"self":[{"href":"https:\/\/observa.cat\/es\/wp-json\/wp\/v2\/pages\/648","targetHints":{"allow":["GET"]}}],"collection":[{"href":"https:\/\/observa.cat\/es\/wp-json\/wp\/v2\/pages"}],"about":[{"href":"https:\/\/observa.cat\/es\/wp-json\/wp\/v2\/types\/page"}],"author":[{"embeddable":true,"href":"https:\/\/observa.cat\/es\/wp-json\/wp\/v2\/users\/1"}],"replies":[{"embeddable":true,"href":"https:\/\/observa.cat\/es\/wp-json\/wp\/v2\/comments?post=648"}],"version-history":[{"count":17,"href":"https:\/\/observa.cat\/es\/wp-json\/wp\/v2\/pages\/648\/revisions"}],"predecessor-version":[{"id":1037,"href":"https:\/\/observa.cat\/es\/wp-json\/wp\/v2\/pages\/648\/revisions\/1037"}],"wp:featuredmedia":[{"embeddable":true,"href":"https:\/\/observa.cat\/es\/wp-json\/wp\/v2\/media\/618"}],"wp:attachment":[{"href":"https:\/\/observa.cat\/es\/wp-json\/wp\/v2\/media?parent=648"}],"curies":[{"name":"wp","href":"https:\/\/api.w.org\/{rel}","templated":true}]}}